{"id":432,"date":"2025-02-22T14:29:18","date_gmt":"2025-02-22T11:29:18","guid":{"rendered":"https:\/\/horizonistanbul.com\/?page_id=432"},"modified":"2025-03-12T11:20:17","modified_gmt":"2025-03-12T08:20:17","slug":"sedef-yucad-kimdir","status":"publish","type":"page","link":"https:\/\/horizonistanbul.com\/tr_tr\/sedef-yucad-kimdir\/","title":{"rendered":"SEDEF YUCAD K\u0130MD\u0130R?"},"content":{"rendered":"\n<div class=\"wp-block-group alignwide has-global-padding is-content-justification-center is-layout-constrained wp-block-group-is-layout-constrained\">\n<figure class=\"wp-block-image alignleft size-full is-resized\"><img data-recalc-dims=\"1\" loading=\"lazy\" decoding=\"async\" width=\"737\" height=\"913\" data-attachment-id=\"202\" data-permalink=\"https:\/\/horizonistanbul.com\/tr_tr\/?attachment_id=202\" data-orig-file=\"https:\/\/i0.wp.com\/horizonistanbul.com\/wp-content\/uploads\/2025\/01\/sedef-vesikalik.jpg?fit=737%2C913&amp;ssl=1\" data-orig-size=\"737,913\" data-comments-opened=\"1\" data-image-meta=\"{&quot;aperture&quot;:&quot;1.5&quot;,&quot;credit&quot;:&quot;&quot;,&quot;camera&quot;:&quot;iPhone 14&quot;,&quot;caption&quot;:&quot;&quot;,&quot;created_timestamp&quot;:&quot;1700145179&quot;,&quot;copyright&quot;:&quot;&quot;,&quot;focal_length&quot;:&quot;5.7&quot;,&quot;iso&quot;:&quot;100&quot;,&quot;shutter_speed&quot;:&quot;0.02&quot;,&quot;title&quot;:&quot;&quot;,&quot;orientation&quot;:&quot;0&quot;}\" data-image-title=\"sedef vesikal\u0131k\" data-image-description=\"\" data-image-caption=\"\" data-large-file=\"https:\/\/i0.wp.com\/horizonistanbul.com\/wp-content\/uploads\/2025\/01\/sedef-vesikalik.jpg?fit=737%2C913&amp;ssl=1\" src=\"https:\/\/i0.wp.com\/horizonistanbul.com\/wp-content\/uploads\/2025\/01\/sedef-vesikalik.jpg?resize=737%2C913&#038;ssl=1\" alt=\"\" class=\"wp-image-202\" style=\"width:310px;height:auto\" srcset=\"https:\/\/i0.wp.com\/horizonistanbul.com\/wp-content\/uploads\/2025\/01\/sedef-vesikalik.jpg?w=737&amp;ssl=1 737w, https:\/\/i0.wp.com\/horizonistanbul.com\/wp-content\/uploads\/2025\/01\/sedef-vesikalik.jpg?resize=242%2C300&amp;ssl=1 242w, https:\/\/i0.wp.com\/horizonistanbul.com\/wp-content\/uploads\/2025\/01\/sedef-vesikalik.jpg?resize=10%2C12&amp;ssl=1 10w\" sizes=\"auto, (max-width: 737px) 100vw, 737px\" \/><\/figure>\n\n\n\n<p class=\"wp-block-paragraph\"><strong>HorizonIstanbul E\u011fitim ve Dan\u0131\u015fmanl\u0131k<\/strong> merkezinin kurucusu ve y\u00f6neticisidir. Ayn\u0131 zamanda e\u011fitim ve dan\u0131\u015fmanl\u0131k kadrosunun lideridir.&nbsp;<\/p>\n\n\n\n<p class=\"wp-block-paragraph\">Yurt d\u0131\u015f\u0131 e\u011fitim dan\u0131\u015fmanl\u0131k sertifikas\u0131n\u0131 Harvard University Summer Institute program\u0131na kat\u0131larak 1998 y\u0131l\u0131nda alm\u0131\u015ft\u0131r. Sonraki y\u0131llarda OACAC, CIS ve ECIS gibi e\u011fitim kurulu\u015flar\u0131na \u00fcye olmu\u015f ve y\u0131ll\u0131k konferanslar\u0131na kat\u0131larak e\u011fitim alan\u0131nda t\u00fcm geli\u015fmeleri takip etme olana\u011f\u0131n\u0131 bulmu\u015ftur.&nbsp;<\/p>\n\n\n\n<p class=\"wp-block-paragraph\">ilk ve lise \u00f6\u011frenimini yurt d\u0131\u015f\u0131nda tamamlayarak Paris&#8217;teki Marymount High School&#8217;dan mezun olmu\u015ftur. Ard\u0131ndan, Bo\u011fazi\u00e7i \u00dcniversitesi \u0130ngiliz Dili ve Edebiyat\u0131 b\u00f6l\u00fcm\u00fcnde lisans e\u011fitimini tamamlay\u0131p, ayn\u0131 \u00fcniversitede Dilbilim b\u00f6l\u00fcm\u00fcnde y\u00fcksek lisans yapm\u0131\u015ft\u0131r. Bu s\u00fcre\u00e7te, e\u011fitim sertifikas\u0131n\u0131 da Bo\u011fazi\u00e7i \u00dcniversitesi&#8217;nden alarak, T\u00fcrkiye&#8217;deki liselerde uygulanan \u0130ngilizce e\u011fitim modelleri \u00fczerine bir uygulamal\u0131 bitirme projesi ger\u00e7ekle\u015ftirmi\u015ftir.<\/p>\n\n\n\n<p class=\"wp-block-paragraph\">E\u011fitim hayat\u0131n\u0131 tamamlad\u0131ktan sonra kariyerine e\u011fitim alan\u0131nda ad\u0131m atan Sedef Yucad, bu alandaki yolculu\u011funa \u0130ngilizce e\u011fitmeni olarak Amerikan K\u00fclt\u00fcr Derne\u011fi&#8217;nde ba\u015flam\u0131\u015ft\u0131r. Edindi\u011fi deneyimlerle k\u0131sa s\u00fcrede YWCA&#8217;de \u0130ngilizce B\u00f6l\u00fcm Ba\u015fkan\u0131 pozisyonuna y\u00fckselmi\u015ftir. Bir s\u00fcre freelance olarak \u00e7al\u0131\u015farak farkl\u0131 ya\u015f gruplar\u0131na e\u011fitim vermi\u015ftir. 1983 y\u0131l\u0131nda \u0130stanbul\u2019daki ilk 2-5 ya\u015f aras\u0131 &#8220;play group&#8221;u kurarak, on ki\u015filik grubuna \u0130ngilizce \u00f6\u011fretmi\u015f, ard\u0131ndan ortaokul ve lise \u00f6\u011frencilerine \u0130ngilizce dersleri vermi\u015ftir. Son olarak, \u0130stanbul \u00dcniversitesi&#8217;nde lisans ve y\u00fcksek lisans \u00f6\u011frencilerine \u0130ngilizce haz\u0131rl\u0131k program\u0131nda ders vermi\u015ftir.<\/p>\n\n\n\n<p class=\"wp-block-paragraph\">1997 y\u0131l\u0131nda HorizonIstanbul Dershanesi&#8217;ni kuran Sedef Yucad, burada SAT, TOEFL, IELTS, GRE ve GMAT dersleri vererek, g\u00fcn\u00fcm\u00fczdeki m\u00fcfredat\u0131n temelini kendisi atm\u0131\u015ft\u0131r. &#8220;T\u00fcm ya\u015f gruplar\u0131na ders vererek edindi\u011fim deneyimler, bana kendi dershanelerimde ve dan\u0131\u015fmanl\u0131k kariyerimde en b\u00fcy\u00fck rehberim oldu&#8221; diyen Sedef Yucad, HorizonIstanbul e\u011fitim program\u0131n\u0131n sadece \u0130stanbul\u2019da de\u011fil, T\u00fcrkiye&#8217;nin her k\u00f6\u015fesinde uygulanmas\u0131n\u0131 arzu etmektedir.<\/p>\n\n\n\n<p class=\"wp-block-paragraph\">Aileye, sevgiye, g\u00fcvenilirli\u011fe ve yarat\u0131c\u0131l\u0131\u011fa \u00e7ok \u00f6nem verdi\u011fini her f\u0131rsatta s\u00f6yleyen Sedef Yucad \u015firketinde de bir aile ortam\u0131 yaratm\u0131\u015ft\u0131r. HorizonIstanbul bug\u00fcn e\u011fitim, dan\u0131\u015fmanl\u0131k, sanat ve \u00e7ocuk gibi farkl\u0131 alanlarda geli\u015fmekte ama kadroya kat\u0131lan herkes ailenin zaten ya ger\u00e7ekten par\u00e7as\u0131 ya da hemen par\u00e7as\u0131 haline geliyor ve \u00f6zveriyle \u00e7al\u0131\u015fmaya ba\u015fl\u0131yor. Sedef Yucad, en \u00f6nemli destek\u00e7ilerinin Ceren Yucad ve Ali Yucad oldu\u011funu belirtiyor ve onlar\u0131n HorizonIstanbul\u2019a kat\u0131lmas\u0131yla kendi vizyonunun, onlar\u0131n g\u00fcncel ve yarat\u0131c\u0131 bak\u0131\u015f a\u00e7\u0131lar\u0131yla geli\u015ferek bir sonraki nesillere de hizmet verece\u011fini d\u00fc\u015f\u00fcnd\u00fck\u00e7e b\u00fcy\u00fck bir mutluluk duyuyor.\u201cDan\u0131\u015fmanl\u0131kta esas olan g\u00fcncel bilgi ve bunun d\u00fcr\u00fcstl\u00fckle aktar\u0131m\u0131d\u0131r\u201d prensibini t\u00fcm HorizonIstanbul dan\u0131\u015fmanlar\u0131n\u0131n misyonu oldu\u011funu belirten kurucu e\u011fitim dan\u0131\u015fmanlar\u0131 tak\u0131m\u0131yla gurur duydu\u011funu s\u00f6yl\u00fcyor ve kurdu\u011fu bu \u015firketin ya\u015fam\u0131n\u0131n en keyif veren ba\u015far\u0131lar\u0131ndan biri oldu\u011funu d\u00fc\u015f\u00fcn\u00fcyor.\u00a0\u00a0<\/p>\n\n\n\n<p class=\"has-text-align-right wp-block-paragraph\"><strong>Sedef YUCAD<\/strong><br><strong>Kurucu &amp; Yurtd\u0131\u015f\u0131 E\u011fitim Dan\u0131\u015fman\u0131<\/strong><\/p>\n<\/div>\n","protected":false},"excerpt":{"rendered":"<p>HorizonIstanbul E\u011fitim ve Dan\u0131\u015fmanl\u0131k merkezinin kurucusu ve y\u00f6neticisidir. Ayn\u0131 zamanda e\u011fitim ve dan\u0131\u015fmanl\u0131k kadrosunun lideridir.&nbsp; Yurt d\u0131\u015f\u0131 e\u011fitim dan\u0131\u015fmanl\u0131k sertifikas\u0131n\u0131 Harvard University Summer Institute program\u0131na kat\u0131larak 1998 y\u0131l\u0131nda alm\u0131\u015ft\u0131r. Sonraki y\u0131llarda OACAC, CIS ve ECIS gibi e\u011fitim kurulu\u015flar\u0131na \u00fcye olmu\u015f ve y\u0131ll\u0131k konferanslar\u0131na kat\u0131larak e\u011fitim alan\u0131nda t\u00fcm geli\u015fmeleri takip etme olana\u011f\u0131n\u0131 bulmu\u015ftur.&nbsp; ilk ve lise [&hellip;]<\/p>\n","protected":false},"author":255323279,"featured_media":0,"parent":0,"menu_order":0,"comment_status":"closed","ping_status":"closed","template":"","meta":{"_crdt_document":"","advanced_seo_description":"","jetpack_seo_html_title":"","jetpack_seo_noindex":false,"footnotes":""},"class_list":["post-432","page","type-page","status-publish","hentry"],"jetpack_likes_enabled":true,"jetpack_sharing_enabled":true,"jetpack_shortlink":"https:\/\/wp.me\/Pg1jxR-6Y","jetpack-related-posts":[],"_links":{"self":[{"href":"https:\/\/horizonistanbul.com\/tr_tr\/wp-json\/wp\/v2\/pages\/432","targetHints":{"allow":["GET"]}}],"collection":[{"href":"https:\/\/horizonistanbul.com\/tr_tr\/wp-json\/wp\/v2\/pages"}],"about":[{"href":"https:\/\/horizonistanbul.com\/tr_tr\/wp-json\/wp\/v2\/types\/page"}],"author":[{"embeddable":true,"href":"https:\/\/horizonistanbul.com\/tr_tr\/wp-json\/wp\/v2\/users\/255323279"}],"replies":[{"embeddable":true,"href":"https:\/\/horizonistanbul.com\/tr_tr\/wp-json\/wp\/v2\/comments?post=432"}],"version-history":[{"count":15,"href":"https:\/\/horizonistanbul.com\/tr_tr\/wp-json\/wp\/v2\/pages\/432\/revisions"}],"predecessor-version":[{"id":720,"href":"https:\/\/horizonistanbul.com\/tr_tr\/wp-json\/wp\/v2\/pages\/432\/revisions\/720"}],"wp:attachment":[{"href":"https:\/\/horizonistanbul.com\/tr_tr\/wp-json\/wp\/v2\/media?parent=432"}],"curies":[{"name":"wp","href":"https:\/\/api.w.org\/{rel}","templated":true}]}}