{"id":32,"date":"2024-09-11T17:09:40","date_gmt":"2024-09-11T14:09:40","guid":{"rendered":"https:\/\/horizonistanbul.com\/iletisim\/"},"modified":"2025-03-05T16:30:45","modified_gmt":"2025-03-05T13:30:45","slug":"iletisim","status":"publish","type":"page","link":"https:\/\/horizonistanbul.com\/tr_tr\/iletisim\/","title":{"rendered":"\u0130LET\u0130\u015e\u0130M"},"content":{"rendered":"\n<div class=\"wp-block-group alignwide has-global-padding is-layout-constrained wp-block-group-is-layout-constrained\">\n<div class=\"wp-block-columns alignwide is-layout-flex wp-container-core-columns-is-layout-633dfafc wp-block-columns-is-layout-flex\" style=\"margin-bottom:0\">\n<div class=\"wp-block-column is-layout-flow wp-block-column-is-layout-flow\" style=\"padding-top:var(--wp--preset--spacing--20);padding-bottom:var(--wp--preset--spacing--20)\">\n<h2 class=\"wp-block-heading\">Bize Ula\u015f\u0131n!<\/h2>\n\n\n\n<p class=\"wp-block-paragraph\"><strong>E-POSTA<\/strong><br><a href=\"mailto:info@horizonistanbul.com\" target=\"_blank\" rel=\"noreferrer noopener\">info@horizonistanbul.com<\/a><\/p>\n\n\n\n<p text-align=left><strong>TELEFON<\/strong><br><a href=\"tel:+902123516727\">+902123516727<\/a><br> <a href=\"tel:+902123516728\">+902123516728<\/a><\/p>\n\n\n\n<p class=\"wp-block-paragraph\"><strong>KONUM<\/strong> <strong>(Dan\u0131\u015fmanl\u0131k)<\/strong><br><a href=\"https:\/\/maps.app.goo.gl\/d6fLiMBcujFYmdFk6\" target=\"_blank\" rel=\"noreferrer noopener\">Akat Mh., Ebru Sk., No:23, Be\u015fikta\u015f, Istanbul<\/a><\/p>\n\n\n\n<p class=\"wp-block-paragraph\"><strong>KONUM<\/strong> <strong>(Dershane)<\/strong><br><a href=\"https:\/\/maps.app.goo.gl\/d6fLiMBcujFYmdFk6\" target=\"_blank\" rel=\"noreferrer noopener\">Akat Mh., Ebru Sk., No:5, Be\u015fikta\u015f, Istanbul<\/a><\/p>\n\n\n\n<div style=\"height:1px\" aria-hidden=\"true\" class=\"wp-block-spacer\"><\/div>\n\n\n<div class=\"wp-block-jetpack-contact-form is-style-animated is-layout-flex wp-container-jetpack-contact-form-is-layout-1a653187 wp-block-jetpack-contact-form-is-layout-flex\"><a href=\"https:\/\/horizonistanbul.com\/tr_tr\/iletisim\/\" target=\"_blank\" rel=\"noopener noreferrer\">Bir form g\u00f6nderin.<\/a><\/div><\/div>\n\n\n\n<div class=\"wp-block-column is-layout-flow wp-block-column-is-layout-flow\" style=\"flex-basis:50%\">\n<div class=\"wp-block-jetpack-map alignwide\" data-map-id=\"jp-map-1\" data-map-provider=\"mapkit\" data-api-key=\"pk.eyJ1IjoiYXV0b21hdHRpYyIsImEiOiJjazVpZjA5aWswYTFvM21sOWtzNW1rNG9lIn0.Gu-sp4wRxnnQB-Qa8CpuZQ\" data-map-style=\"default\" data-blog-id=\"236734839\"><ul><li><a href=\"https:\/\/www.google.com\/maps\/search\/?api=1&amp;query=41.089716,29.020759\">Ebru Sk. 23, Be\u015fikta\u015f, Istanbul, T\u00fcrkiye<\/a><\/li><li><a href=\"https:\/\/www.google.com\/maps\/search\/?api=1&amp;query=41.088809,29.020662\">Ebru Sk. 5, Be\u015fikta\u015f, \u0130stanbul, T\u00fcrkiye<\/a><\/li><\/ul><\/div>\n<\/div>\n<\/div>\n<\/div>\n","protected":false},"excerpt":{"rendered":"<p>Bize Ula\u015f\u0131n! E-POSTAinfo@horizonistanbul.com TELEFON+902123516727 +902123516728 KONUM (Dan\u0131\u015fmanl\u0131k)Akat Mh., Ebru Sk., No:23, Be\u015fikta\u015f, Istanbul KONUM (Dershane)Akat Mh., Ebru Sk., No:5, Be\u015fikta\u015f, Istanbul<\/p>\n","protected":false},"author":255323278,"featured_media":0,"parent":0,"menu_order":0,"comment_status":"closed","ping_status":"closed","template":"","meta":{"_crdt_document":"","advanced_seo_description":"","jetpack_seo_html_title":"","jetpack_seo_noindex":false,"jetpack_post_was_ever_published":false,"footnotes":""},"class_list":["post-32","page","type-page","status-publish","hentry"],"jetpack_likes_enabled":true,"jetpack_sharing_enabled":true,"jetpack_shortlink":"https:\/\/wp.me\/Pg1jxR-w","jetpack-related-posts":[],"_links":{"self":[{"href":"https:\/\/horizonistanbul.com\/tr_tr\/wp-json\/wp\/v2\/pages\/32","targetHints":{"allow":["GET"]}}],"collection":[{"href":"https:\/\/horizonistanbul.com\/tr_tr\/wp-json\/wp\/v2\/pages"}],"about":[{"href":"https:\/\/horizonistanbul.com\/tr_tr\/wp-json\/wp\/v2\/types\/page"}],"author":[{"embeddable":true,"href":"https:\/\/horizonistanbul.com\/tr_tr\/wp-json\/wp\/v2\/users\/255323278"}],"replies":[{"embeddable":true,"href":"https:\/\/horizonistanbul.com\/tr_tr\/wp-json\/wp\/v2\/comments?post=32"}],"version-history":[{"count":23,"href":"https:\/\/horizonistanbul.com\/tr_tr\/wp-json\/wp\/v2\/pages\/32\/revisions"}],"predecessor-version":[{"id":624,"href":"https:\/\/horizonistanbul.com\/tr_tr\/wp-json\/wp\/v2\/pages\/32\/revisions\/624"}],"wp:attachment":[{"href":"https:\/\/horizonistanbul.com\/tr_tr\/wp-json\/wp\/v2\/media?parent=32"}],"curies":[{"name":"wp","href":"https:\/\/api.w.org\/{rel}","templated":true}]}}